{"id":18,"date":"2017-02-10T14:21:45","date_gmt":"2017-02-10T13:21:45","guid":{"rendered":"http:\/\/quasimodo.club\/?page_id=18"},"modified":"2022-01-14T16:51:07","modified_gmt":"2022-01-14T15:51:07","slug":"home","status":"publish","type":"page","link":"https:\/\/quasimodo.club\/en\/","title":{"rendered":"Home"},"content":{"rendered":"\n<!-- <div class=\"row rettetdieclubs\"><div class=\"col-md-4 col-sm-12\"><a href=\"https:\/\/www.rettetdieclubs.com\/\" target=\"_blank\" rel=\"noopener\"><img decoding=\"async\" alt=\"Rettet die Clubs\" src=\"\/wp-content\/uploads\/2021\/03\/rettet-die-clubs.png\"><\/a><\/div><div class=\"col-md-8 col-sm-12\"><h2>Rettet die Clubs!<\/h2><p>We are proud of being part of the RETTET DIE BERLINER CLUBS (Save the berliner clubs) campaign in the second wave! To support Berlin's venues and clubs, Alex Molter launched the RETTET DIE BERLINER CLUBS campaign in 2020 to raise awareness of the emergency situation facing venues in our city during the Corona crisis.<\/p><p>Berlin bands sign this \"guitar\" and then donate it to a club they would like to support, so that the club can then auction it off. Every band started at some point on one of these stages, which are acutely endangered right now. It has become a colorful mix of Berlin bands of all sizes and genres.<\/p><hr><a href=\"https:\/\/www.rettetdieclubs.com\/\" target=\"_blank\" rel=\"noopener\">www.rettetdieclubs.com<\/a><\/div><\/div> -->\n","protected":false},"excerpt":{"rendered":"","protected":false},"author":2,"featured_media":0,"parent":0,"menu_order":0,"comment_status":"closed","ping_status":"closed","template":"page-homepage.php","meta":{"footnotes":""},"class_list":["post-18","page","type-page","status-publish","hentry"],"translation":{"provider":"WPGlobus","version":"3.0.2","language":"en","enabled_languages":["de","en"],"languages":{"de":{"title":true,"content":true,"excerpt":false},"en":{"title":false,"content":true,"excerpt":false}}},"yoast_head":"<!-- This site is optimized with the Yoast SEO plugin v27.3 - https:\/\/yoast.com\/product\/yoast-seo-wordpress\/ -->\n<title>Quasimodo Club Berlin - Kantstra\u00dfe 12A, 10623 Berlin<\/title>\n<meta name=\"robots\" content=\"index, follow, max-snippet:-1, max-image-preview:large, max-video-preview:-1\" \/>\n<link rel=\"canonical\" href=\"https:\/\/quasimodo.club\/\" \/>\n<meta property=\"og:locale\" content=\"en_US\" \/>\n<meta property=\"og:type\" content=\"article\" \/>\n<meta property=\"og:title\" content=\"Quasimodo Berlin - Veranstaltungen &amp; Restaurant\" \/>\n<meta property=\"og:description\" content=\"Der Club Quasimodo in Charlottenburg informiert \u00fcber sein Programm. Konzerte, Kabarett, Comedy.\" \/>\n<meta property=\"og:url\" content=\"https:\/\/quasimodo.club\/\" \/>\n<meta property=\"og:site_name\" content=\"Quasimodo\" \/>\n<meta property=\"article:publisher\" content=\"https:\/\/www.facebook.com\/quasimodoberlin\" \/>\n<meta property=\"article:modified_time\" content=\"2022-01-14T15:51:07+00:00\" \/>\n<meta property=\"og:image\" content=\"http:\/\/quasimodo.club\/wp-content\/uploads\/2017\/02\/title.jpg\" \/>\n\t<meta property=\"og:image:width\" content=\"1200\" \/>\n\t<meta property=\"og:image:height\" content=\"630\" \/>\n\t<meta property=\"og:image:type\" content=\"image\/jpeg\" \/>\n<meta name=\"twitter:card\" content=\"summary_large_image\" \/>\n<meta name=\"twitter:title\" content=\"Quasimodo Berlin - Veranstaltungen &amp; Restaurant\" \/>\n<meta name=\"twitter:description\" content=\"Der Club Quasimodo in Charlottenburg informiert \u00fcber sein Programm. Konzerte, Kabarett, Comedy.\" \/>\n<meta name=\"twitter:image\" content=\"http:\/\/quasimodo.club\/wp-content\/uploads\/2017\/02\/title-twitter.jpg\" \/>\n<meta name=\"twitter:site\" content=\"@quasimodoberlin\" \/>\n<meta name=\"twitter:label1\" content=\"Est. reading time\" \/>\n\t<meta name=\"twitter:data1\" content=\"1 minute\" \/>\n<script type=\"application\/ld+json\" class=\"yoast-schema-graph\">{\"@context\":\"https:\\\/\\\/schema.org\",\"@graph\":[{\"@type\":\"WebPage\",\"@id\":\"https:\\\/\\\/quasimodo.club\\\/\",\"url\":\"https:\\\/\\\/quasimodo.club\\\/\",\"name\":\"Quasimodo Club Berlin - Kantstra\u00dfe 12A, 10623 Berlin\",\"isPartOf\":{\"@id\":\"https:\\\/\\\/quasimodo.club\\\/#website\"},\"datePublished\":\"2017-02-10T13:21:45+00:00\",\"dateModified\":\"2022-01-14T15:51:07+00:00\",\"description\":\"Das Quasimodo in Charlottenburg geh\u00f6rt seit 1975 zu den \u00e4ltesten Clubs der Berliner Kulturlandschaft und zu den renommiertesten Livemusik-Clubs in Europa und informiert \u00fcber sein Programm. Konzerte, Kabarett, Comedy.\",\"breadcrumb\":{\"@id\":\"https:\\\/\\\/quasimodo.club\\\/#breadcrumb\"},\"inLanguage\":\"en-US\",\"potentialAction\":[{\"@type\":\"ReadAction\",\"target\":[\"https:\\\/\\\/quasimodo.club\\\/\"]}]},{\"@type\":\"BreadcrumbList\",\"@id\":\"https:\\\/\\\/quasimodo.club\\\/#breadcrumb\",\"itemListElement\":[{\"@type\":\"ListItem\",\"position\":1,\"name\":\"Startseite\",\"item\":\"https:\\\/\\\/quasimodo.club\\\/\"},{\"@type\":\"ListItem\",\"position\":2,\"name\":\"Home\"}]},{\"@type\":\"WebSite\",\"@id\":\"https:\\\/\\\/quasimodo.club\\\/#website\",\"url\":\"https:\\\/\\\/quasimodo.club\\\/\",\"name\":\"Quasimodo\",\"description\":\"Berlin Live Club\",\"publisher\":{\"@id\":\"https:\\\/\\\/quasimodo.club\\\/#organization\"},\"potentialAction\":[{\"@type\":\"SearchAction\",\"target\":{\"@type\":\"EntryPoint\",\"urlTemplate\":\"https:\\\/\\\/quasimodo.club\\\/?s={search_term_string}\"},\"query-input\":{\"@type\":\"PropertyValueSpecification\",\"valueRequired\":true,\"valueName\":\"search_term_string\"}}],\"inLanguage\":\"en-US\"},{\"@type\":\"Organization\",\"@id\":\"https:\\\/\\\/quasimodo.club\\\/#organization\",\"name\":\"Quasimodo Club\",\"url\":\"https:\\\/\\\/quasimodo.club\\\/\",\"logo\":{\"@type\":\"ImageObject\",\"inLanguage\":\"en-US\",\"@id\":\"https:\\\/\\\/quasimodo.club\\\/#\\\/schema\\\/logo\\\/image\\\/\",\"url\":\"https:\\\/\\\/quasimodo.club\\\/wp-content\\\/uploads\\\/2018\\\/07\\\/Quasimodo_Logo.png\",\"contentUrl\":\"https:\\\/\\\/quasimodo.club\\\/wp-content\\\/uploads\\\/2018\\\/07\\\/Quasimodo_Logo.png\",\"width\":3000,\"height\":683,\"caption\":\"Quasimodo Club\"},\"image\":{\"@id\":\"https:\\\/\\\/quasimodo.club\\\/#\\\/schema\\\/logo\\\/image\\\/\"},\"sameAs\":[\"https:\\\/\\\/www.facebook.com\\\/quasimodoberlin\",\"https:\\\/\\\/x.com\\\/quasimodoberlin\",\"https:\\\/\\\/www.instagram.com\\\/quasimodoberlin\\\/\"]}]}<\/script>\n<!-- \/ Yoast SEO plugin. -->","yoast_head_json":{"title":"Quasimodo Club Berlin - Kantstra\u00dfe 12A, 10623 Berlin","robots":{"index":"index","follow":"follow","max-snippet":"max-snippet:-1","max-image-preview":"max-image-preview:large","max-video-preview":"max-video-preview:-1"},"canonical":"https:\/\/quasimodo.club\/","og_locale":"en_US","og_type":"article","og_title":"Quasimodo Berlin - Veranstaltungen & Restaurant","og_description":"Der Club Quasimodo in Charlottenburg informiert \u00fcber sein Programm. Konzerte, Kabarett, Comedy.","og_url":"https:\/\/quasimodo.club\/","og_site_name":"Quasimodo","article_publisher":"https:\/\/www.facebook.com\/quasimodoberlin","article_modified_time":"2022-01-14T15:51:07+00:00","og_image":[{"width":1200,"height":630,"url":"http:\/\/quasimodo.club\/wp-content\/uploads\/2017\/02\/title.jpg","type":"image\/jpeg"}],"twitter_card":"summary_large_image","twitter_title":"Quasimodo Berlin - Veranstaltungen & Restaurant","twitter_description":"Der Club Quasimodo in Charlottenburg informiert \u00fcber sein Programm. Konzerte, Kabarett, Comedy.","twitter_image":"http:\/\/quasimodo.club\/wp-content\/uploads\/2017\/02\/title-twitter.jpg","twitter_site":"@quasimodoberlin","twitter_misc":{"Est. reading time":"1 minute"},"schema":{"@context":"https:\/\/schema.org","@graph":[{"@type":"WebPage","@id":"https:\/\/quasimodo.club\/","url":"https:\/\/quasimodo.club\/","name":"Quasimodo Club Berlin - Kantstra\u00dfe 12A, 10623 Berlin","isPartOf":{"@id":"https:\/\/quasimodo.club\/#website"},"datePublished":"2017-02-10T13:21:45+00:00","dateModified":"2022-01-14T15:51:07+00:00","description":"Das Quasimodo in Charlottenburg geh\u00f6rt seit 1975 zu den \u00e4ltesten Clubs der Berliner Kulturlandschaft und zu den renommiertesten Livemusik-Clubs in Europa und informiert \u00fcber sein Programm. Konzerte, Kabarett, Comedy.","breadcrumb":{"@id":"https:\/\/quasimodo.club\/#breadcrumb"},"inLanguage":"en-US","potentialAction":[{"@type":"ReadAction","target":["https:\/\/quasimodo.club\/"]}]},{"@type":"BreadcrumbList","@id":"https:\/\/quasimodo.club\/#breadcrumb","itemListElement":[{"@type":"ListItem","position":1,"name":"Startseite","item":"https:\/\/quasimodo.club\/"},{"@type":"ListItem","position":2,"name":"Home"}]},{"@type":"WebSite","@id":"https:\/\/quasimodo.club\/#website","url":"https:\/\/quasimodo.club\/","name":"Quasimodo","description":"Berlin Live Club","publisher":{"@id":"https:\/\/quasimodo.club\/#organization"},"potentialAction":[{"@type":"SearchAction","target":{"@type":"EntryPoint","urlTemplate":"https:\/\/quasimodo.club\/?s={search_term_string}"},"query-input":{"@type":"PropertyValueSpecification","valueRequired":true,"valueName":"search_term_string"}}],"inLanguage":"en-US"},{"@type":"Organization","@id":"https:\/\/quasimodo.club\/#organization","name":"Quasimodo Club","url":"https:\/\/quasimodo.club\/","logo":{"@type":"ImageObject","inLanguage":"en-US","@id":"https:\/\/quasimodo.club\/#\/schema\/logo\/image\/","url":"https:\/\/quasimodo.club\/wp-content\/uploads\/2018\/07\/Quasimodo_Logo.png","contentUrl":"https:\/\/quasimodo.club\/wp-content\/uploads\/2018\/07\/Quasimodo_Logo.png","width":3000,"height":683,"caption":"Quasimodo Club"},"image":{"@id":"https:\/\/quasimodo.club\/#\/schema\/logo\/image\/"},"sameAs":["https:\/\/www.facebook.com\/quasimodoberlin","https:\/\/x.com\/quasimodoberlin","https:\/\/www.instagram.com\/quasimodoberlin\/"]}]}},"_links":{"self":[{"href":"https:\/\/quasimodo.club\/en\/wp-json\/wp\/v2\/pages\/18","targetHints":{"allow":["GET"]}}],"collection":[{"href":"https:\/\/quasimodo.club\/en\/wp-json\/wp\/v2\/pages"}],"about":[{"href":"https:\/\/quasimodo.club\/en\/wp-json\/wp\/v2\/types\/page"}],"author":[{"embeddable":true,"href":"https:\/\/quasimodo.club\/en\/wp-json\/wp\/v2\/users\/2"}],"replies":[{"embeddable":true,"href":"https:\/\/quasimodo.club\/en\/wp-json\/wp\/v2\/comments?post=18"}],"version-history":[{"count":37,"href":"https:\/\/quasimodo.club\/en\/wp-json\/wp\/v2\/pages\/18\/revisions"}],"predecessor-version":[{"id":4752,"href":"https:\/\/quasimodo.club\/en\/wp-json\/wp\/v2\/pages\/18\/revisions\/4752"}],"wp:attachment":[{"href":"https:\/\/quasimodo.club\/en\/wp-json\/wp\/v2\/media?parent=18"}],"curies":[{"name":"wp","href":"https:\/\/api.w.org\/{rel}","templated":true}]}}