{"id":6071,"date":"2023-11-10T12:43:07","date_gmt":"2023-11-10T11:43:07","guid":{"rendered":"https:\/\/quasimodo.club\/?page_id=6071"},"modified":"2023-11-10T13:19:03","modified_gmt":"2023-11-10T12:19:03","slug":"secret-show","status":"publish","type":"page","link":"https:\/\/quasimodo.club\/en\/secret-show","title":{"rendered":"Quasimodo Secret Show"},"content":{"rendered":"\n<div class=\"wp-block-columns is-layout-flex wp-container-core-columns-is-layout-9d6595d7 wp-block-columns-is-layout-flex\">\n<div class=\"wp-block-column is-layout-flow wp-block-column-is-layout-flow\" style=\"flex-basis:33.33%\"><div class=\"wp-block-image\">\n<figure class=\"aligncenter size-medium\"><img loading=\"lazy\" decoding=\"async\" width=\"248\" height=\"350\" src=\"https:\/\/quasimodo.club\/wp-content\/uploads\/2023\/11\/Quasimodo-Secretshow-248x350.webp\" alt=\"\" class=\"wp-image-6073\" style=\"object-fit:cover\" srcset=\"https:\/\/quasimodo.club\/wp-content\/uploads\/2023\/11\/Quasimodo-Secretshow-248x350.webp 248w, https:\/\/quasimodo.club\/wp-content\/uploads\/2023\/11\/Quasimodo-Secretshow.webp 500w\" sizes=\"auto, (max-width: 248px) 100vw, 248px\" \/><\/figure>\n<\/div><\/div>\n\n\n\n<div class=\"wp-block-column is-layout-flow wp-block-column-is-layout-flow\" style=\"flex-basis:66.66%\">\n<p><strong>Liebe Partner*innen, Kolleg*innen, Musikbegeisterte &amp; Freund*innen,<\/strong><\/p>\n\n\n\n<p>Wir laden Euch herzlichen zu einem exklusiven Abend am 16.11.23 im Quasimodo ein! Nach einer intensiven Optimierung in allen Bereichen erstrahlt das Quasimodo im neuen Glanz und frischer Optik. Lasst Euch \u00fcberraschen und entdeckt das neue Feeling dieser traditionsreichen Spielst\u00e4tte. Bei gepflegten Getr\u00e4nken zu Eurem Wohl stellen wir eine der energetischsten Livebands aus UK auf die B\u00fchne f\u00fcr das authentische Konzerterlebnis mit der britischen Kultband The Godfathers. Die Godfathers spielen ihr ikonisches \u201eBirth School Work Death\u201c-Album in voller L\u00e4nge plus eine Auswahl ihrer anderen klassischen Alben und Fanfavoriten!<\/p>\n\n\n\n<p>Die T\u00fcren \u00f6ffnen sich um 21 Uhr f\u00fcr Euren Besuch. Bitte meldet Euch gern bis zum <strong>15.11.2023<\/strong> an.<\/p>\n\n\n\n<p>Wir freuen uns auf Euch!<\/p>\n<\/div>\n<\/div>\n\n\n\n<div class=\"wp-block-contact-form-7-contact-form-selector\">\n<div class=\"wpcf7 no-js\" id=\"wpcf7-f6076-o1\" lang=\"de-DE\" dir=\"ltr\" data-wpcf7-id=\"6076\">\n<div class=\"screen-reader-response\"><p role=\"status\" aria-live=\"polite\" aria-atomic=\"true\"><\/p> <ul><\/ul><\/div>\n<form action=\"\/en\/wp-json\/wp\/v2\/pages\/6071#wpcf7-f6076-o1\" method=\"post\" class=\"wpcf7-form init\" aria-label=\"Kontaktformular\" novalidate=\"novalidate\" data-status=\"init\">\n<fieldset class=\"hidden-fields-container\"><input type=\"hidden\" name=\"_wpcf7\" value=\"6076\" \/><input type=\"hidden\" name=\"_wpcf7_version\" value=\"6.1.5\" \/><input type=\"hidden\" name=\"_wpcf7_locale\" value=\"de_DE\" \/><input type=\"hidden\" name=\"_wpcf7_unit_tag\" value=\"wpcf7-f6076-o1\" \/><input type=\"hidden\" name=\"_wpcf7_container_post\" value=\"0\" \/><input type=\"hidden\" name=\"_wpcf7_posted_data_hash\" value=\"\" \/><input type=\"hidden\" name=\"_wpcf7_recaptcha_response\" value=\"\" \/>\n<\/fieldset>\n<div class=\"secretshow form-table\">\n\t<p>Deine Antwort:\n\t<\/p>\n\t<table>\n\t\t<tr>\n\t\t\t<td>\n\t\t\t\t<p><span class=\"wpcf7-form-control-wrap\" data-name=\"your-name\"><input size=\"40\" maxlength=\"400\" class=\"wpcf7-form-control wpcf7-text wpcf7-validates-as-required your-name\" id=\"your-name\" aria-required=\"true\" aria-invalid=\"false\" placeholder=\"Dein Name\" value=\"\" type=\"text\" name=\"your-name\" \/><\/span>\n\t\t\t\t<\/p>\n\t\t\t<\/td>\n\t\t<\/tr>\n\t\t<tr>\n\t\t\t<td>\n\t\t\t\t<p><span class=\"wpcf7-form-control-wrap\" data-name=\"your-email\"><input size=\"40\" maxlength=\"400\" class=\"wpcf7-form-control wpcf7-email wpcf7-validates-as-required wpcf7-text wpcf7-validates-as-email your-email\" id=\"your-email\" aria-required=\"true\" aria-invalid=\"false\" placeholder=\"Deine E-Mail-Adresse\" value=\"\" type=\"email\" name=\"your-email\" \/><\/span>\n\t\t\t\t<\/p>\n\t\t\t<\/td>\n\t\t<\/tr>\n\t\t<tr>\n\t\t\t<td>\n\t\t\t\t<p>Ich m\u00f6chte <span class=\"wpcf7-form-control-wrap\" data-name=\"answer\"><span class=\"wpcf7-form-control wpcf7-radio answer\" id=\"answer\"><span class=\"wpcf7-list-item first\"><label><input type=\"radio\" name=\"answer\" value=\"Zusagen\" checked=\"checked\" \/><span class=\"wpcf7-list-item-label\">Zusagen<\/span><\/label><\/span><span class=\"wpcf7-list-item last\"><label><input type=\"radio\" name=\"answer\" value=\"Absagen\" \/><span class=\"wpcf7-list-item-label\">Absagen<\/span><\/label><\/span><\/span><\/span>\n\t\t\t\t<\/p>\n\t\t\t<\/td>\n\t\t<\/tr>\n\t\t<tr>\n\t\t\t<td>\n\t\t\t\t<p><input class=\"wpcf7-form-control wpcf7-submit has-spinner btn\" type=\"submit\" value=\"Senden\" \/>\n\t\t\t\t<\/p>\n\t\t\t<\/td>\n\t\t<\/tr>\n\t<\/table>\n\t<div class=\"recaptcha\" bis_skin_checked=\"1\">\n\t\t<p>Diese Website ist durch reCAPTCHA gesch\u00fctzt und es gelten die <a href=\"https:\/\/policies.google.com\/privacy\" target=\"_blank\">Datenschutzbestimmungen<\/a> und <a href=\"https:\/\/policies.google.com\/terms\" target=\"_blank\">Nutzungsbedingen<\/a> von Google.\n\t\t<\/p>\n\t<\/div>\n<\/div><div class=\"wpcf7-response-output\" aria-hidden=\"true\"><\/div>\n<\/form>\n<\/div>\n<\/div>\n","protected":false},"excerpt":{"rendered":"<p>Liebe Partner*innen, Kolleg*innen, Musikbegeisterte &amp; Freund*innen, Wir laden Euch herzlichen zu einem exklusiven Abend am 16.11.23 im Quasimodo ein! Nach einer intensiven Optimierung in allen Bereichen erstrahlt das Quasimodo im neuen Glanz und frischer Optik. Lasst Euch \u00fcberraschen und entdeckt das neue Feeling dieser traditionsreichen Spielst\u00e4tte. Bei gepflegten Getr\u00e4nken zu Eurem Wohl stellen wir eine [&hellip;]<\/p>\n","protected":false},"author":2,"featured_media":0,"parent":0,"menu_order":0,"comment_status":"closed","ping_status":"closed","template":"","meta":{"footnotes":""},"class_list":["post-6071","page","type-page","status-publish","hentry"],"translation":{"provider":"WPGlobus","version":"3.0.2","language":"en","enabled_languages":["de","en"],"languages":{"de":{"title":true,"content":true,"excerpt":false},"en":{"title":false,"content":false,"excerpt":false}}},"yoast_head":"<!-- This site is optimized with the Yoast SEO plugin v27.4 - https:\/\/yoast.com\/product\/yoast-seo-wordpress\/ -->\n<title>Quasimodo Secret Show - Quasimodo<\/title>\n<meta name=\"robots\" content=\"index, follow, max-snippet:-1, max-image-preview:large, max-video-preview:-1\" \/>\n<link rel=\"canonical\" href=\"https:\/\/quasimodo.club\/secret-show\" \/>\n<meta property=\"og:locale\" content=\"en_US\" \/>\n<meta property=\"og:type\" content=\"article\" \/>\n<meta property=\"og:title\" content=\"Quasimodo Secret Show - Quasimodo\" \/>\n<meta property=\"og:url\" content=\"https:\/\/quasimodo.club\/secret-show\" \/>\n<meta property=\"og:site_name\" content=\"Quasimodo\" \/>\n<meta property=\"article:publisher\" content=\"https:\/\/www.facebook.com\/quasimodoberlin\" \/>\n<meta property=\"article:modified_time\" content=\"2023-11-10T12:19:03+00:00\" \/>\n<meta property=\"og:image\" content=\"https:\/\/quasimodo.club\/wp-content\/uploads\/2023\/11\/Quasimodo-Secretshow-248x350.webp\" \/>\n<meta name=\"twitter:card\" content=\"summary_large_image\" \/>\n<meta name=\"twitter:site\" content=\"@quasimodoberlin\" \/>\n<meta name=\"twitter:label1\" content=\"Est. reading time\" \/>\n\t<meta name=\"twitter:data1\" content=\"1 minute\" \/>\n<script type=\"application\/ld+json\" class=\"yoast-schema-graph\">{\"@context\":\"https:\\\/\\\/schema.org\",\"@graph\":[{\"@type\":\"WebPage\",\"@id\":\"https:\\\/\\\/quasimodo.club\\\/secret-show\",\"url\":\"https:\\\/\\\/quasimodo.club\\\/secret-show\",\"name\":\"Quasimodo Secret Show - Quasimodo\",\"isPartOf\":{\"@id\":\"https:\\\/\\\/quasimodo.club\\\/#website\"},\"primaryImageOfPage\":{\"@id\":\"https:\\\/\\\/quasimodo.club\\\/secret-show#primaryimage\"},\"image\":{\"@id\":\"https:\\\/\\\/quasimodo.club\\\/secret-show#primaryimage\"},\"thumbnailUrl\":\"https:\\\/\\\/quasimodo.club\\\/wp-content\\\/uploads\\\/2023\\\/11\\\/Quasimodo-Secretshow-248x350.webp\",\"datePublished\":\"2023-11-10T11:43:07+00:00\",\"dateModified\":\"2023-11-10T12:19:03+00:00\",\"breadcrumb\":{\"@id\":\"https:\\\/\\\/quasimodo.club\\\/secret-show#breadcrumb\"},\"inLanguage\":\"en-US\",\"potentialAction\":[{\"@type\":\"ReadAction\",\"target\":[\"https:\\\/\\\/quasimodo.club\\\/secret-show\"]}]},{\"@type\":\"ImageObject\",\"inLanguage\":\"en-US\",\"@id\":\"https:\\\/\\\/quasimodo.club\\\/secret-show#primaryimage\",\"url\":\"https:\\\/\\\/quasimodo.club\\\/wp-content\\\/uploads\\\/2023\\\/11\\\/Quasimodo-Secretshow-248x350.webp\",\"contentUrl\":\"https:\\\/\\\/quasimodo.club\\\/wp-content\\\/uploads\\\/2023\\\/11\\\/Quasimodo-Secretshow-248x350.webp\"},{\"@type\":\"BreadcrumbList\",\"@id\":\"https:\\\/\\\/quasimodo.club\\\/secret-show#breadcrumb\",\"itemListElement\":[{\"@type\":\"ListItem\",\"position\":1,\"name\":\"Startseite\",\"item\":\"https:\\\/\\\/quasimodo.club\\\/\"},{\"@type\":\"ListItem\",\"position\":2,\"name\":\"Quasimodo Secret Show\"}]},{\"@type\":\"WebSite\",\"@id\":\"https:\\\/\\\/quasimodo.club\\\/#website\",\"url\":\"https:\\\/\\\/quasimodo.club\\\/\",\"name\":\"Quasimodo\",\"description\":\"Berlin Live Club\",\"publisher\":{\"@id\":\"https:\\\/\\\/quasimodo.club\\\/#organization\"},\"potentialAction\":[{\"@type\":\"SearchAction\",\"target\":{\"@type\":\"EntryPoint\",\"urlTemplate\":\"https:\\\/\\\/quasimodo.club\\\/?s={search_term_string}\"},\"query-input\":{\"@type\":\"PropertyValueSpecification\",\"valueRequired\":true,\"valueName\":\"search_term_string\"}}],\"inLanguage\":\"en-US\"},{\"@type\":\"Organization\",\"@id\":\"https:\\\/\\\/quasimodo.club\\\/#organization\",\"name\":\"Quasimodo Club\",\"url\":\"https:\\\/\\\/quasimodo.club\\\/\",\"logo\":{\"@type\":\"ImageObject\",\"inLanguage\":\"en-US\",\"@id\":\"https:\\\/\\\/quasimodo.club\\\/#\\\/schema\\\/logo\\\/image\\\/\",\"url\":\"https:\\\/\\\/quasimodo.club\\\/wp-content\\\/uploads\\\/2018\\\/07\\\/Quasimodo_Logo.png\",\"contentUrl\":\"https:\\\/\\\/quasimodo.club\\\/wp-content\\\/uploads\\\/2018\\\/07\\\/Quasimodo_Logo.png\",\"width\":3000,\"height\":683,\"caption\":\"Quasimodo Club\"},\"image\":{\"@id\":\"https:\\\/\\\/quasimodo.club\\\/#\\\/schema\\\/logo\\\/image\\\/\"},\"sameAs\":[\"https:\\\/\\\/www.facebook.com\\\/quasimodoberlin\",\"https:\\\/\\\/x.com\\\/quasimodoberlin\",\"https:\\\/\\\/www.instagram.com\\\/quasimodoberlin\\\/\"]}]}<\/script>\n<!-- \/ Yoast SEO plugin. -->","yoast_head_json":{"title":"Quasimodo Secret Show - Quasimodo","robots":{"index":"index","follow":"follow","max-snippet":"max-snippet:-1","max-image-preview":"max-image-preview:large","max-video-preview":"max-video-preview:-1"},"canonical":"https:\/\/quasimodo.club\/secret-show","og_locale":"en_US","og_type":"article","og_title":"Quasimodo Secret Show - Quasimodo","og_url":"https:\/\/quasimodo.club\/secret-show","og_site_name":"Quasimodo","article_publisher":"https:\/\/www.facebook.com\/quasimodoberlin","article_modified_time":"2023-11-10T12:19:03+00:00","og_image":[{"url":"https:\/\/quasimodo.club\/wp-content\/uploads\/2023\/11\/Quasimodo-Secretshow-248x350.webp","type":"","width":"","height":""}],"twitter_card":"summary_large_image","twitter_site":"@quasimodoberlin","twitter_misc":{"Est. reading time":"1 minute"},"schema":{"@context":"https:\/\/schema.org","@graph":[{"@type":"WebPage","@id":"https:\/\/quasimodo.club\/secret-show","url":"https:\/\/quasimodo.club\/secret-show","name":"Quasimodo Secret Show - Quasimodo","isPartOf":{"@id":"https:\/\/quasimodo.club\/#website"},"primaryImageOfPage":{"@id":"https:\/\/quasimodo.club\/secret-show#primaryimage"},"image":{"@id":"https:\/\/quasimodo.club\/secret-show#primaryimage"},"thumbnailUrl":"https:\/\/quasimodo.club\/wp-content\/uploads\/2023\/11\/Quasimodo-Secretshow-248x350.webp","datePublished":"2023-11-10T11:43:07+00:00","dateModified":"2023-11-10T12:19:03+00:00","breadcrumb":{"@id":"https:\/\/quasimodo.club\/secret-show#breadcrumb"},"inLanguage":"en-US","potentialAction":[{"@type":"ReadAction","target":["https:\/\/quasimodo.club\/secret-show"]}]},{"@type":"ImageObject","inLanguage":"en-US","@id":"https:\/\/quasimodo.club\/secret-show#primaryimage","url":"https:\/\/quasimodo.club\/wp-content\/uploads\/2023\/11\/Quasimodo-Secretshow-248x350.webp","contentUrl":"https:\/\/quasimodo.club\/wp-content\/uploads\/2023\/11\/Quasimodo-Secretshow-248x350.webp"},{"@type":"BreadcrumbList","@id":"https:\/\/quasimodo.club\/secret-show#breadcrumb","itemListElement":[{"@type":"ListItem","position":1,"name":"Startseite","item":"https:\/\/quasimodo.club\/"},{"@type":"ListItem","position":2,"name":"Quasimodo Secret Show"}]},{"@type":"WebSite","@id":"https:\/\/quasimodo.club\/#website","url":"https:\/\/quasimodo.club\/","name":"Quasimodo","description":"Berlin Live Club","publisher":{"@id":"https:\/\/quasimodo.club\/#organization"},"potentialAction":[{"@type":"SearchAction","target":{"@type":"EntryPoint","urlTemplate":"https:\/\/quasimodo.club\/?s={search_term_string}"},"query-input":{"@type":"PropertyValueSpecification","valueRequired":true,"valueName":"search_term_string"}}],"inLanguage":"en-US"},{"@type":"Organization","@id":"https:\/\/quasimodo.club\/#organization","name":"Quasimodo Club","url":"https:\/\/quasimodo.club\/","logo":{"@type":"ImageObject","inLanguage":"en-US","@id":"https:\/\/quasimodo.club\/#\/schema\/logo\/image\/","url":"https:\/\/quasimodo.club\/wp-content\/uploads\/2018\/07\/Quasimodo_Logo.png","contentUrl":"https:\/\/quasimodo.club\/wp-content\/uploads\/2018\/07\/Quasimodo_Logo.png","width":3000,"height":683,"caption":"Quasimodo Club"},"image":{"@id":"https:\/\/quasimodo.club\/#\/schema\/logo\/image\/"},"sameAs":["https:\/\/www.facebook.com\/quasimodoberlin","https:\/\/x.com\/quasimodoberlin","https:\/\/www.instagram.com\/quasimodoberlin\/"]}]}},"_links":{"self":[{"href":"https:\/\/quasimodo.club\/en\/wp-json\/wp\/v2\/pages\/6071","targetHints":{"allow":["GET"]}}],"collection":[{"href":"https:\/\/quasimodo.club\/en\/wp-json\/wp\/v2\/pages"}],"about":[{"href":"https:\/\/quasimodo.club\/en\/wp-json\/wp\/v2\/types\/page"}],"author":[{"embeddable":true,"href":"https:\/\/quasimodo.club\/en\/wp-json\/wp\/v2\/users\/2"}],"replies":[{"embeddable":true,"href":"https:\/\/quasimodo.club\/en\/wp-json\/wp\/v2\/comments?post=6071"}],"version-history":[{"count":11,"href":"https:\/\/quasimodo.club\/en\/wp-json\/wp\/v2\/pages\/6071\/revisions"}],"predecessor-version":[{"id":6085,"href":"https:\/\/quasimodo.club\/en\/wp-json\/wp\/v2\/pages\/6071\/revisions\/6085"}],"wp:attachment":[{"href":"https:\/\/quasimodo.club\/en\/wp-json\/wp\/v2\/media?parent=6071"}],"curies":[{"name":"wp","href":"https:\/\/api.w.org\/{rel}","templated":true}]}}